{"id":8883,"date":"2025-05-12T08:02:31","date_gmt":"2025-05-12T15:02:31","guid":{"rendered":"https:\/\/blog.freshprep.ca\/recipes\/"},"modified":"2025-08-28T09:47:14","modified_gmt":"2025-08-28T16:47:14","slug":"recettes-fresh-prep","status":"publish","type":"page","link":"https:\/\/blog.freshprep.ca\/fr\/recettes-fresh-prep\/","title":{"rendered":"Recettes"},"content":{"rendered":"","protected":false},"excerpt":{"rendered":"","protected":false},"author":31,"featured_media":0,"parent":0,"menu_order":0,"comment_status":"closed","ping_status":"closed","template":"page-recipe.php","meta":{"_acf_changed":false,"inline_featured_image":false,"footnotes":""},"class_list":["post-8883","page","type-page","status-publish","hentry"],"acf":[],"yoast_head":"<!-- This site is optimized with the Yoast SEO plugin v27.4 - https:\/\/yoast.com\/product\/yoast-seo-wordpress\/ -->\n<title>Recettes - Fresh Prep Blog<\/title>\n<meta name=\"description\" content=\"Savourez la recette de recettes sign\u00e9e Fresh Prep, pr\u00e9par\u00e9e avec des ingr\u00e9dients frais pour un repas simple, rapide et d\u00e9licieux \u00e0 la maison.\" \/>\n<meta name=\"robots\" content=\"index, follow, max-snippet:-1, max-image-preview:large, max-video-preview:-1\" \/>\n<link rel=\"canonical\" href=\"https:\/\/blog.freshprep.ca\/fr\/recettes-fresh-prep\/\" \/>\n<meta property=\"og:locale\" content=\"fr_CA\" \/>\n<meta property=\"og:type\" content=\"article\" \/>\n<meta property=\"og:title\" content=\"Recettes - Fresh Prep Blog\" \/>\n<meta property=\"og:description\" content=\"Savourez la recette de recettes sign\u00e9e Fresh Prep, pr\u00e9par\u00e9e avec des ingr\u00e9dients frais pour un repas simple, rapide et d\u00e9licieux \u00e0 la maison.\" \/>\n<meta property=\"og:url\" content=\"https:\/\/blog.freshprep.ca\/fr\/recettes-fresh-prep\/\" \/>\n<meta property=\"og:site_name\" content=\"Fresh Prep Blog\" \/>\n<meta property=\"article:modified_time\" content=\"2025-08-28T16:47:14+00:00\" \/>\n<meta name=\"twitter:card\" content=\"summary_large_image\" \/>\n<script type=\"application\/ld+json\" class=\"yoast-schema-graph\">{\"@context\":\"https:\\\/\\\/schema.org\",\"@graph\":[{\"@type\":\"WebPage\",\"@id\":\"https:\\\/\\\/blog.freshprep.ca\\\/fr\\\/recettes-fresh-prep\\\/\",\"url\":\"https:\\\/\\\/blog.freshprep.ca\\\/fr\\\/recettes-fresh-prep\\\/\",\"name\":\"Recettes - Fresh Prep Blog\",\"isPartOf\":{\"@id\":\"https:\\\/\\\/blog.freshprep.ca\\\/fr\\\/#website\"},\"datePublished\":\"2025-05-12T15:02:31+00:00\",\"dateModified\":\"2025-08-28T16:47:14+00:00\",\"description\":\"Savourez la recette de recettes sign\u00e9e Fresh Prep, pr\u00e9par\u00e9e avec des ingr\u00e9dients frais pour un repas simple, rapide et d\u00e9licieux \u00e0 la maison.\",\"breadcrumb\":{\"@id\":\"https:\\\/\\\/blog.freshprep.ca\\\/fr\\\/recettes-fresh-prep\\\/#breadcrumb\"},\"inLanguage\":\"fr-CA\",\"potentialAction\":[{\"@type\":\"ReadAction\",\"target\":[\"https:\\\/\\\/blog.freshprep.ca\\\/fr\\\/recettes-fresh-prep\\\/\"]}]},{\"@type\":\"BreadcrumbList\",\"@id\":\"https:\\\/\\\/blog.freshprep.ca\\\/fr\\\/recettes-fresh-prep\\\/#breadcrumb\",\"itemListElement\":[{\"@type\":\"ListItem\",\"position\":1,\"name\":\"Home\",\"item\":\"https:\\\/\\\/blog.freshprep.ca\\\/fr\\\/\"},{\"@type\":\"ListItem\",\"position\":2,\"name\":\"Recettes\"}]},{\"@type\":\"WebSite\",\"@id\":\"https:\\\/\\\/blog.freshprep.ca\\\/fr\\\/#website\",\"url\":\"https:\\\/\\\/blog.freshprep.ca\\\/fr\\\/\",\"name\":\"Fresh Prep Blog\",\"description\":\"Meal Kit Service Delivery to Vancouver + Calgary | Fresh Prep\",\"alternateName\":\"Fresh Prep\",\"potentialAction\":[{\"@type\":\"SearchAction\",\"target\":{\"@type\":\"EntryPoint\",\"urlTemplate\":\"https:\\\/\\\/blog.freshprep.ca\\\/fr\\\/?s={search_term_string}\"},\"query-input\":{\"@type\":\"PropertyValueSpecification\",\"valueRequired\":true,\"valueName\":\"search_term_string\"}}],\"inLanguage\":\"fr-CA\"}]}<\/script>\n<!-- \/ Yoast SEO plugin. -->","yoast_head_json":{"title":"Recettes - Fresh Prep Blog","description":"Savourez la recette de recettes sign\u00e9e Fresh Prep, pr\u00e9par\u00e9e avec des ingr\u00e9dients frais pour un repas simple, rapide et d\u00e9licieux \u00e0 la maison.","robots":{"index":"index","follow":"follow","max-snippet":"max-snippet:-1","max-image-preview":"max-image-preview:large","max-video-preview":"max-video-preview:-1"},"canonical":"https:\/\/blog.freshprep.ca\/fr\/recettes-fresh-prep\/","og_locale":"fr_CA","og_type":"article","og_title":"Recettes - Fresh Prep Blog","og_description":"Savourez la recette de recettes sign\u00e9e Fresh Prep, pr\u00e9par\u00e9e avec des ingr\u00e9dients frais pour un repas simple, rapide et d\u00e9licieux \u00e0 la maison.","og_url":"https:\/\/blog.freshprep.ca\/fr\/recettes-fresh-prep\/","og_site_name":"Fresh Prep Blog","article_modified_time":"2025-08-28T16:47:14+00:00","twitter_card":"summary_large_image","schema":{"@context":"https:\/\/schema.org","@graph":[{"@type":"WebPage","@id":"https:\/\/blog.freshprep.ca\/fr\/recettes-fresh-prep\/","url":"https:\/\/blog.freshprep.ca\/fr\/recettes-fresh-prep\/","name":"Recettes - Fresh Prep Blog","isPartOf":{"@id":"https:\/\/blog.freshprep.ca\/fr\/#website"},"datePublished":"2025-05-12T15:02:31+00:00","dateModified":"2025-08-28T16:47:14+00:00","description":"Savourez la recette de recettes sign\u00e9e Fresh Prep, pr\u00e9par\u00e9e avec des ingr\u00e9dients frais pour un repas simple, rapide et d\u00e9licieux \u00e0 la maison.","breadcrumb":{"@id":"https:\/\/blog.freshprep.ca\/fr\/recettes-fresh-prep\/#breadcrumb"},"inLanguage":"fr-CA","potentialAction":[{"@type":"ReadAction","target":["https:\/\/blog.freshprep.ca\/fr\/recettes-fresh-prep\/"]}]},{"@type":"BreadcrumbList","@id":"https:\/\/blog.freshprep.ca\/fr\/recettes-fresh-prep\/#breadcrumb","itemListElement":[{"@type":"ListItem","position":1,"name":"Home","item":"https:\/\/blog.freshprep.ca\/fr\/"},{"@type":"ListItem","position":2,"name":"Recettes"}]},{"@type":"WebSite","@id":"https:\/\/blog.freshprep.ca\/fr\/#website","url":"https:\/\/blog.freshprep.ca\/fr\/","name":"Fresh Prep Blog","description":"Meal Kit Service Delivery to Vancouver + Calgary | Fresh Prep","alternateName":"Fresh Prep","potentialAction":[{"@type":"SearchAction","target":{"@type":"EntryPoint","urlTemplate":"https:\/\/blog.freshprep.ca\/fr\/?s={search_term_string}"},"query-input":{"@type":"PropertyValueSpecification","valueRequired":true,"valueName":"search_term_string"}}],"inLanguage":"fr-CA"}]}},"jetpack_sharing_enabled":true,"_links":{"self":[{"href":"https:\/\/blog.freshprep.ca\/fr\/wp-json\/wp\/v2\/pages\/8883","targetHints":{"allow":["GET"]}}],"collection":[{"href":"https:\/\/blog.freshprep.ca\/fr\/wp-json\/wp\/v2\/pages"}],"about":[{"href":"https:\/\/blog.freshprep.ca\/fr\/wp-json\/wp\/v2\/types\/page"}],"author":[{"embeddable":true,"href":"https:\/\/blog.freshprep.ca\/fr\/wp-json\/wp\/v2\/users\/31"}],"replies":[{"embeddable":true,"href":"https:\/\/blog.freshprep.ca\/fr\/wp-json\/wp\/v2\/comments?post=8883"}],"version-history":[{"count":1,"href":"https:\/\/blog.freshprep.ca\/fr\/wp-json\/wp\/v2\/pages\/8883\/revisions"}],"predecessor-version":[{"id":8884,"href":"https:\/\/blog.freshprep.ca\/fr\/wp-json\/wp\/v2\/pages\/8883\/revisions\/8884"}],"wp:attachment":[{"href":"https:\/\/blog.freshprep.ca\/fr\/wp-json\/wp\/v2\/media?parent=8883"}],"curies":[{"name":"wp","href":"https:\/\/api.w.org\/{rel}","templated":true}]}}